{"id":2546,"date":"2026-05-04T19:00:21","date_gmt":"2026-05-04T19:00:21","guid":{"rendered":"https:\/\/arggroup.az\/?page_id=2546"},"modified":"2026-05-07T18:28:43","modified_gmt":"2026-05-07T18:28:43","slug":"kapsen","status":"publish","type":"page","link":"https:\/\/arggroup.az\/en\/brands\/kapsen\/","title":{"rendered":"Capsen"},"content":{"rendered":"<div data-elementor-type=\"wp-page\" data-elementor-id=\"2546\" class=\"elementor elementor-2546\" data-elementor-post-type=\"page\">\n\t\t\t\t\t\t<section class=\"elementor-section elementor-top-section elementor-element elementor-element-1368771b elementor-section-stretched elementor-section-content-middle elementor-section-boxed elementor-section-height-default elementor-section-height-default\" data-id=\"1368771b\" data-element_type=\"section\" data-e-type=\"section\" data-settings=\"{&quot;stretch_section&quot;:&quot;section-stretched&quot;}\">\n\t\t\t\t\t\t<div class=\"elementor-container elementor-column-gap-custom\">\n\t\t\t\t\t<div class=\"elementor-column elementor-col-100 elementor-top-column elementor-element elementor-element-b5865fe\" data-id=\"b5865fe\" data-element_type=\"column\" data-e-type=\"column\">\n\t\t\t<div class=\"elementor-widget-wrap elementor-element-populated\">\n\t\t\t\t\t\t<div class=\"elementor-element elementor-element-f48ff15 elementor-widget elementor-widget-image\" data-id=\"f48ff15\" data-element_type=\"widget\" data-e-type=\"widget\" data-widget_type=\"image.default\">\n\t\t\t\t\t\t\t\t\t\t\t\t\t\t\t<img loading=\"lazy\" decoding=\"async\" width=\"600\" height=\"109\" src=\"https:\/\/arggroup.az\/wp-content\/uploads\/2026\/05\/logo_KAPSEN.png\" class=\"attachment-large size-large wp-image-2485\" alt=\"\" srcset=\"https:\/\/arggroup.az\/wp-content\/uploads\/2026\/05\/logo_KAPSEN.png 600w, https:\/\/arggroup.az\/wp-content\/uploads\/2026\/05\/logo_KAPSEN-300x55.png 300w, https:\/\/arggroup.az\/wp-content\/uploads\/2026\/05\/logo_KAPSEN-1x1.png 1w, https:\/\/arggroup.az\/wp-content\/uploads\/2026\/05\/logo_KAPSEN-10x2.png 10w\" sizes=\"auto, (max-width: 600px) 100vw, 600px\" \/>\t\t\t\t\t\t\t\t\t\t\t\t\t\t\t<\/div>\n\t\t\t\t<div class=\"elementor-element elementor-element-593b246a elementor-align-left elementor-widget elementor-widget-etheme_icon_box\" data-id=\"593b246a\" data-element_type=\"widget\" data-e-type=\"widget\" data-settings=\"{&quot;icon_type&quot;:&quot;image&quot;}\" data-widget_type=\"etheme_icon_box.default\">\n\t\t\t\t<div class=\"elementor-widget-container\">\n\t\t\t\t\t\t\t\t<div class=\"etheme-icon-box etheme-icon-box-icon-position-left\">\n        \n                            \n                <div class=\"etheme-icon-box-icon etheme-icon-box-icon-type-image\">\n        \n                <img loading=\"lazy\" decoding=\"async\" width=\"45\" height=\"45\" src=\"https:\/\/arggroup.az\/wp-content\/uploads\/xstore\/xstore-placeholder-1x1.png\" class=\"attachment-full size-full wp-image-2495 lazyload lazyload-simple et-lazyload-fadeIn\" alt=\"\" sizes=\"auto, (max-width: 45px) 100vw, 45px\" data-src=\"https:\/\/arggroup.az\/wp-content\/uploads\/2026\/05\/Number-2.jpeg\" data-srcset=\"https:\/\/arggroup.az\/wp-content\/uploads\/2026\/05\/Number-2.jpeg 45w, https:\/\/arggroup.az\/wp-content\/uploads\/2026\/05\/Number-2-1x1.jpeg 1w, https:\/\/arggroup.az\/wp-content\/uploads\/2026\/05\/Number-2-10x10.jpeg 10w\" \/>        \n                <\/div>\n            \n                <div class=\"etheme-icon-box-content\">\n\t\t\n                                        \n                                            <h3 class=\"etheme-icon-box-title\">\n                            <span>About the brand<\/span>\n                        <\/h3>\n                    \t\t\n                                            <p class=\"etheme-icon-box-description\">\n                            Kapsen, Shandong Huasheng Rubber Group ekosistemin\u0259 daxil olan, \u00c7inin Shandong \u0259yal\u0259tind\u0259 yerl\u0259\u015f\u0259n istehsal m\u00fc\u0259ssis\u0259sinin t\u0259k\u0259r brendl\u0259rind\u0259n biridir. \u018fsas\u0131 1983-c\u00fc ild\u0259 qoyulan bu zavod uzun ill\u0259rdir rezin m\u0259mulatlar\u0131 v\u0259 m\u00fcxt\u0259lif t\u0259yinatl\u0131 t\u0259k\u0259rl\u0259rin istehsal\u0131 \u00fczr\u0259 f\u0259aliyy\u0259t g\u00f6st\u0259rir.\n\n\u015eirk\u0259tin istehsal istiqam\u0259tl\u0259rin\u0259 minik avtomobill\u0259ri, y\u00fck avtomobill\u0259ri v\u0259 x\u00fcsusi texnikalar \u00fc\u00e7\u00fcn t\u0259k\u0259rl\u0259r, h\u0259m\u00e7inin konveyer k\u0259m\u0259rl\u0259ri v\u0259 sil\u0259c\u0259k rezinl\u0259ri daxildir. M\u00fcasir istehsal texnologiyalar\u0131ndan istifad\u0259 ed\u0259n zavod keyfiyy\u0259t, davaml\u0131l\u0131q v\u0259 performans g\u00f6st\u0259ricil\u0259rini \u0259sas prioritet kimi m\u00fc\u0259yy\u0259nl\u0259\u015fdirir.\n\nKapsen t\u0259k\u0259rl\u0259ri g\u00fcnd\u0259lik istifad\u0259 \u00fc\u00e7\u00fcn etibarl\u0131 yol tutu\u015fu, y\u00fcks\u0259k temperatura davaml\u0131l\u0131q v\u0259 stabil s\u00fcr\u00fc\u015f performans\u0131 t\u0259qdim edir. Brendin performans v\u0259 idman y\u00f6n\u00fcml\u00fc t\u0259k\u0259r seriyalar\u0131 is\u0259 daha y\u00fcks\u0259k s\u00fcr\u0259t, \u00e7evik idar\u0259etm\u0259 v\u0259 uzunm\u00fcdd\u0259tli dayan\u0131ql\u0131l\u0131q \u00fc\u00e7\u00fcn haz\u0131rlan\u0131r.\n\nShandong Huasheng Rubber Group t\u0259dqiqat v\u0259 inki\u015faf sah\u0259sin\u0259 davaml\u0131 investisiya ed\u0259r\u0259k beyn\u0259lxalq bazarda tan\u0131nm\u0131\u015f t\u0259k\u0259r istehsal\u00e7\u0131lar\u0131 il\u0259 r\u0259qab\u0259t aparma\u011f\u0131 h\u0259d\u0259fl\u0259yir. Yar\u0131\u015f v\u0259 y\u00fcks\u0259k performansl\u0131 avtomobill\u0259r \u00fc\u00e7\u00fcn haz\u0131rlanan x\u00fcsusi t\u0259k\u0259r texnologiyalar\u0131 brendin m\u00fch\u0259ndislik potensial\u0131n\u0131 v\u0259 keyfiyy\u0259t\u0259 yana\u015fmas\u0131n\u0131 n\u00fcmayi\u015f etdirir.\n\nKapsen t\u0259k\u0259rl\u0259ri keyfiyy\u0259tli, dayan\u0131ql\u0131 v\u0259 s\u0259rf\u0259li se\u00e7im axtaran s\u00fcr\u00fcc\u00fcl\u0259r \u00fc\u00e7\u00fcn etibarl\u0131 alternativdir. Brendin m\u0259hsullar\u0131n\u0131 Az\u0259rbaycanda Kapsen-in r\u0259smi distributoru olan ARG Group v\u0259 onun t\u0259r\u0259fda\u015flar\u0131ndan \u0259ld\u0259 etm\u0259k m\u00fcmk\u00fcnd\u00fcr.                        <\/p>\n                    \n                            \n                <\/div>\n\t\t\t<\/div>\n\t\t\t\t\t\t<\/div>\n\t\t\t\t<\/div>\n\t\t\t\t\t<\/div>\n\t\t<\/div>\n\t\t\t\t\t<\/div>\n\t\t<\/section>\n\t\t<div class=\"elementor-element elementor-element-4abe504 e-flex e-con-boxed e-con e-parent\" data-id=\"4abe504\" data-element_type=\"container\" data-e-type=\"container\" data-settings=\"{&quot;background_background&quot;:&quot;classic&quot;}\">\n\t\t\t\t\t<div class=\"e-con-inner\">\n\t\t<div class=\"elementor-element elementor-element-1dcee778 e-con-full e-flex e-con e-child\" data-id=\"1dcee778\" data-element_type=\"container\" data-e-type=\"container\" data-settings=\"{&quot;background_background&quot;:&quot;classic&quot;}\">\n\t\t<div class=\"elementor-element elementor-element-74c23778 e-con-full e-flex e-con e-child\" data-id=\"74c23778\" data-element_type=\"container\" data-e-type=\"container\">\n\t\t\t\t<div class=\"elementor-element elementor-element-674a784 elementor-widget elementor-widget-heading\" data-id=\"674a784\" data-element_type=\"widget\" data-e-type=\"widget\" data-widget_type=\"heading.default\">\n\t\t\t\t\t<h2 class=\"elementor-heading-title elementor-size-default\">Contact us for a direct consultation.<\/h2>\t\t\t\t<\/div>\n\t\t\t\t<div class=\"elementor-element elementor-element-3ee9ce4b elementor-widget elementor-widget-text-editor\" data-id=\"3ee9ce4b\" data-element_type=\"widget\" data-e-type=\"widget\" data-widget_type=\"text-editor.default\">\n\t\t\t\t\t\t\t\t\t<ul><li><p>Detailed information about the products<\/p><\/li><li><p>Information on product range and prices<\/p><\/li><li><p>Information about after-sales support<\/p><\/li><\/ul>\t\t\t\t\t\t\t\t<\/div>\n\t\t\t\t<\/div>\n\t\t<div class=\"elementor-element elementor-element-6e7e1812 e-con-full e-flex e-con e-child\" data-id=\"6e7e1812\" data-element_type=\"container\" data-e-type=\"container\">\n\t\t\t\t<div class=\"elementor-element elementor-element-3cef5996 etheme-contact-form-7-button-full-width elementor-widget elementor-widget-et-contact-form-7\" data-id=\"3cef5996\" data-element_type=\"widget\" data-e-type=\"widget\" data-widget_type=\"et-contact-form-7.default\">\n\t\t\t\t<div class=\"elementor-widget-container\">\n\t\t\t\t\t                <div class=\"pp-contact-form etheme-contact-form-7 placeholder-show\">\n                                        \n<div class=\"wpcf7 no-js\" id=\"wpcf7-f2307-o1\" lang=\"ru-RU\" dir=\"ltr\" data-wpcf7-id=\"2307\">\n<div class=\"screen-reader-response\"><p role=\"status\" aria-live=\"polite\" aria-atomic=\"true\"><\/p> <ul><\/ul><\/div>\n<form action=\"\/en\/wp-json\/wp\/v2\/pages\/2546#wpcf7-f2307-o1\" method=\"post\" class=\"wpcf7-form init\" aria-label=\"\u041a\u043e\u043d\u0442\u0430\u043a\u0442\u043d\u0430\u044f \u0444\u043e\u0440\u043c\u0430\" novalidate=\"novalidate\" data-status=\"init\" data-trp-original-action=\"\/en\/wp-json\/wp\/v2\/pages\/2546#wpcf7-f2307-o1\">\n<fieldset class=\"hidden-fields-container\"><input type=\"hidden\" name=\"_wpcf7\" value=\"2307\" \/><input type=\"hidden\" name=\"_wpcf7_version\" value=\"6.1.5\" \/><input type=\"hidden\" name=\"_wpcf7_locale\" value=\"ru_RU\" \/><input type=\"hidden\" name=\"_wpcf7_unit_tag\" value=\"wpcf7-f2307-o1\" \/><input type=\"hidden\" name=\"_wpcf7_container_post\" value=\"0\" \/><input type=\"hidden\" name=\"_wpcf7_posted_data_hash\" value=\"\" \/>\n<\/fieldset>\n<div class=\"custom-arg-form\">\n\t<p><span class=\"wpcf7-form-control-wrap\" data-name=\"your-name\"><input size=\"40\" maxlength=\"400\" class=\"wpcf7-form-control wpcf7-text wpcf7-validates-as-required\" aria-required=\"true\" aria-invalid=\"false\" placeholder=\"First Name, Surname, Father&#039;s Name\" value=\"\" type=\"text\" name=\"your-name\" \/><\/span><br \/>\n<span class=\"wpcf7-form-control-wrap\" data-name=\"your-phone\"><input size=\"40\" maxlength=\"400\" class=\"wpcf7-form-control wpcf7-tel wpcf7-validates-as-required wpcf7-text wpcf7-validates-as-tel\" aria-required=\"true\" aria-invalid=\"false\" placeholder=\"+994 ( __ ) ___ __ __\" value=\"\" type=\"tel\" name=\"your-phone\" \/><\/span><br \/>\n<input class=\"wpcf7-form-control wpcf7-submit has-spinner\" type=\"submit\" value=\"Apply\" \/>\n\t<\/p>\n<\/div><div class=\"wpcf7-response-output\" aria-hidden=\"true\"><\/div>\n<input type=\"hidden\" name=\"trp-form-language\" value=\"en\"\/><\/form>\n<\/div>\n                <\/div>\n                \t\t\t\t<\/div>\n\t\t\t\t<\/div>\n\t\t\t\t<\/div>\n\t\t\t\t<\/div>\n\t\t\t\t\t<\/div>\n\t\t\t\t<\/div>\n\t\t<div class=\"elementor-element elementor-element-787561a3 et-section-stretch e-flex e-con-boxed e-con e-parent\" data-id=\"787561a3\" data-element_type=\"container\" data-e-type=\"container\" data-settings=\"{&quot;background_background&quot;:&quot;classic&quot;}\">\n\t\t\t\t\t<div class=\"e-con-inner\">\n\t\t\t\t<div class=\"elementor-element elementor-element-5974229f elementor-align-center elementor-widget elementor-widget-etheme_advanced_headline\" data-id=\"5974229f\" data-element_type=\"widget\" data-e-type=\"widget\" data-widget_type=\"etheme_advanced_headline.default\">\n\t\t\t\t<div class=\"elementor-widget-container\">\n\t\t\t\t\t        \n        <div class=\"etheme-a-h-wrapper\">\n        \n                            <span class=\"etheme-a-h-text-before\">\n                    ARGGROUP                <\/span>\n            \n\t\t\t\n        <h2 class=\"etheme-advanced-headline etheme-advanced-headline-mask\">\n\n            Contact us\n        <\/h2>\n\t\t\n                            <p class=\"etheme-a-h-text-after\">\n                    Choose the most suitable way to contact us.                <\/p>\n                    \n        <\/div>\n        \n\t\t\t\t\t\t<\/div>\n\t\t\t\t<\/div>\n\t\t<div class=\"elementor-element elementor-element-160ba2f9 e-con-full e-flex e-con e-child\" data-id=\"160ba2f9\" data-element_type=\"container\" data-e-type=\"container\">\n\t\t\t\t<div class=\"elementor-element elementor-element-70e24137 elementor-align-left elementor-widget-tablet__width-initial elementor-widget elementor-widget-etheme_icon_box\" data-id=\"70e24137\" data-element_type=\"widget\" data-e-type=\"widget\" data-settings=\"{&quot;icon_type&quot;:&quot;icon&quot;}\" data-widget_type=\"etheme_icon_box.default\">\n\t\t\t\t<div class=\"elementor-widget-container\">\n\t\t\t\t\t\t\t\t<div class=\"etheme-icon-box etheme-icon-box-icon-position-top\">\n        \n                            \n                <div class=\"etheme-icon-box-icon etheme-icon-box-icon-type-icon\">\n        \n                <svg aria-hidden=\"true\" class=\"e-font-icon-svg e-fas-phone-square\" viewbox=\"0 0 448 512\" xmlns=\"http:\/\/www.w3.org\/2000\/svg\"><path d=\"M400 32H48C21.49 32 0 53.49 0 80v352c0 26.51 21.49 48 48 48h352c26.51 0 48-21.49 48-48V80c0-26.51-21.49-48-48-48zM94 416c-7.033 0-13.057-4.873-14.616-11.627l-14.998-65a15 15 0 0 1 8.707-17.16l69.998-29.999a15 15 0 0 1 17.518 4.289l30.997 37.885c48.944-22.963 88.297-62.858 110.781-110.78l-37.886-30.997a15.001 15.001 0 0 1-4.289-17.518l30-69.998a15 15 0 0 1 17.16-8.707l65 14.998A14.997 14.997 0 0 1 384 126c0 160.292-129.945 290-290 290z\"><\/path><\/svg>        \n                <\/div>\n            \n                <div class=\"etheme-icon-box-content\">\n\t\t\n                                            <h5 class=\"etheme-icon-box-subtitle\">\n                        <span>Hotline<\/span>\n                        <\/h5>\n                                        \n                                            <h3 class=\"etheme-icon-box-title\">\n                            <span>*0906<\/span>\n                        <\/h3>\n                    \t\t\n                                            <p class=\"etheme-icon-box-description\">\n                            Monday - Friday, 9:00 to 18:00                        <\/p>\n                    \n                            \n                <\/div>\n\t\t\t<\/div>\n\t\t\t\t\t\t<\/div>\n\t\t\t\t<\/div>\n\t\t\t\t<div class=\"elementor-element elementor-element-73e77aec elementor-align-left elementor-widget-tablet__width-initial elementor-widget elementor-widget-etheme_icon_box\" data-id=\"73e77aec\" data-element_type=\"widget\" data-e-type=\"widget\" data-settings=\"{&quot;icon_type&quot;:&quot;icon&quot;}\" data-widget_type=\"etheme_icon_box.default\">\n\t\t\t\t<div class=\"elementor-widget-container\">\n\t\t\t\t\t\t\t\t<div class=\"etheme-icon-box etheme-icon-box-icon-position-top\">\n        \n                            \n                <div class=\"etheme-icon-box-icon etheme-icon-box-icon-type-icon\">\n        \n                <svg aria-hidden=\"true\" class=\"e-font-icon-svg e-fab-whatsapp-square\" viewbox=\"0 0 448 512\" xmlns=\"http:\/\/www.w3.org\/2000\/svg\"><path d=\"M224 122.8c-72.7 0-131.8 59.1-131.9 131.8 0 24.9 7 49.2 20.2 70.1l3.1 5-13.3 48.6 49.9-13.1 4.8 2.9c20.2 12 43.4 18.4 67.1 18.4h.1c72.6 0 133.3-59.1 133.3-131.8 0-35.2-15.2-68.3-40.1-93.2-25-25-58-38.7-93.2-38.7zm77.5 188.4c-3.3 9.3-19.1 17.7-26.7 18.8-12.6 1.9-22.4.9-47.5-9.9-39.7-17.2-65.7-57.2-67.7-59.8-2-2.6-16.2-21.5-16.2-41s10.2-29.1 13.9-33.1c3.6-4 7.9-5 10.6-5 2.6 0 5.3 0 7.6.1 2.4.1 5.7-.9 8.9 6.8 3.3 7.9 11.2 27.4 12.2 29.4s1.7 4.3.3 6.9c-7.6 15.2-15.7 14.6-11.6 21.6 15.3 26.3 30.6 35.4 53.9 47.1 4 2 6.3 1.7 8.6-1 2.3-2.6 9.9-11.6 12.5-15.5 2.6-4 5.3-3.3 8.9-2 3.6 1.3 23.1 10.9 27.1 12.9s6.6 3 7.6 4.6c.9 1.9.9 9.9-2.4 19.1zM400 32H48C21.5 32 0 53.5 0 80v352c0 26.5 21.5 48 48 48h352c26.5 0 48-21.5 48-48V80c0-26.5-21.5-48-48-48zM223.9 413.2c-26.6 0-52.7-6.7-75.8-19.3L64 416l22.5-82.2c-13.9-24-21.2-51.3-21.2-79.3C65.4 167.1 136.5 96 223.9 96c42.4 0 82.2 16.5 112.2 46.5 29.9 30 47.9 69.8 47.9 112.2 0 87.4-72.7 158.5-160.1 158.5z\"><\/path><\/svg>        \n                <\/div>\n            \n                <div class=\"etheme-icon-box-content\">\n\t\t\n                                            <h5 class=\"etheme-icon-box-subtitle\">\n                        <span>WhatsApp<\/span>\n                        <\/h5>\n                                        \n                                            <h3 class=\"etheme-icon-box-title\">\n                            <span>+994103219999<\/span>\n                        <\/h3>\n                    \t\t\n                                            <p class=\"etheme-icon-box-description\">\n                            Monday - Friday, 9:00 to 18:00                        <\/p>\n                    \n                            \n                <\/div>\n\t\t\t<\/div>\n\t\t\t\t\t\t<\/div>\n\t\t\t\t<\/div>\n\t\t\t\t<div class=\"elementor-element elementor-element-7a9b1ae7 elementor-align-left elementor-widget-tablet__width-initial elementor-widget elementor-widget-etheme_icon_box\" data-id=\"7a9b1ae7\" data-element_type=\"widget\" data-e-type=\"widget\" data-settings=\"{&quot;icon_type&quot;:&quot;icon&quot;}\" data-widget_type=\"etheme_icon_box.default\">\n\t\t\t\t<div class=\"elementor-widget-container\">\n\t\t\t\t\t\t\t\t<div class=\"etheme-icon-box etheme-icon-box-icon-position-top\">\n        \n                            \n                <div class=\"etheme-icon-box-icon etheme-icon-box-icon-type-icon\">\n        \n                <svg aria-hidden=\"true\" class=\"e-font-icon-svg e-fas-mail-bulk\" viewbox=\"0 0 576 512\" xmlns=\"http:\/\/www.w3.org\/2000\/svg\"><path d=\"M160 448c-25.6 0-51.2-22.4-64-32-64-44.8-83.2-60.8-96-70.4V480c0 17.67 14.33 32 32 32h256c17.67 0 32-14.33 32-32V345.6c-12.8 9.6-32 25.6-96 70.4-12.8 9.6-38.4 32-64 32zm128-192H32c-17.67 0-32 14.33-32 32v16c25.6 19.2 22.4 19.2 115.2 86.4 9.6 6.4 28.8 25.6 44.8 25.6s35.2-19.2 44.8-22.4c92.8-67.2 89.6-67.2 115.2-86.4V288c0-17.67-14.33-32-32-32zm256-96H224c-17.67 0-32 14.33-32 32v32h96c33.21 0 60.59 25.42 63.71 57.82l.29-.22V416h192c17.67 0 32-14.33 32-32V192c0-17.67-14.33-32-32-32zm-32 128h-64v-64h64v64zm-352-96c0-35.29 28.71-64 64-64h224V32c0-17.67-14.33-32-32-32H96C78.33 0 64 14.33 64 32v192h96v-32z\"><\/path><\/svg>        \n                <\/div>\n            \n                <div class=\"etheme-icon-box-content\">\n\t\t\n                                            <h5 class=\"etheme-icon-box-subtitle\">\n                        <span>Email<\/span>\n                        <\/h5>\n                                        \n                                            <h3 class=\"etheme-icon-box-title\">\n                            <span>info@arggroup.az<\/span>\n                        <\/h3>\n                    \t\t\n                                            <p class=\"etheme-icon-box-description\">\n                            Monday - Friday, 9:00 to 18:00                        <\/p>\n                    \n                            \n                <\/div>\n\t\t\t<\/div>\n\t\t\t\t\t\t<\/div>\n\t\t\t\t<\/div>\n\t\t\t\t<\/div>\n\t\t\t\t\t<\/div>\n\t\t\t\t<\/div>\n\t\t\t\t<\/div>","protected":false},"excerpt":{"rendered":"<p>&#8230;<\/p>","protected":false},"author":1,"featured_media":0,"parent":2483,"menu_order":0,"comment_status":"closed","ping_status":"closed","template":"","meta":{"footnotes":""},"class_list":["post-2546","page","type-page","status-publish","hentry"],"_links":{"self":[{"href":"https:\/\/arggroup.az\/en\/wp-json\/wp\/v2\/pages\/2546","targetHints":{"allow":["GET"]}}],"collection":[{"href":"https:\/\/arggroup.az\/en\/wp-json\/wp\/v2\/pages"}],"about":[{"href":"https:\/\/arggroup.az\/en\/wp-json\/wp\/v2\/types\/page"}],"author":[{"embeddable":true,"href":"https:\/\/arggroup.az\/en\/wp-json\/wp\/v2\/users\/1"}],"replies":[{"embeddable":true,"href":"https:\/\/arggroup.az\/en\/wp-json\/wp\/v2\/comments?post=2546"}],"version-history":[{"count":5,"href":"https:\/\/arggroup.az\/en\/wp-json\/wp\/v2\/pages\/2546\/revisions"}],"predecessor-version":[{"id":2640,"href":"https:\/\/arggroup.az\/en\/wp-json\/wp\/v2\/pages\/2546\/revisions\/2640"}],"up":[{"embeddable":true,"href":"https:\/\/arggroup.az\/en\/wp-json\/wp\/v2\/pages\/2483"}],"wp:attachment":[{"href":"https:\/\/arggroup.az\/en\/wp-json\/wp\/v2\/media?parent=2546"}],"curies":[{"name":"wp","href":"https:\/\/api.w.org\/{rel}","templated":true}]}}