{"id":2382,"date":"2026-05-04T09:22:43","date_gmt":"2026-05-04T09:22:43","guid":{"rendered":"https:\/\/arggroup.az\/?post_type=product&#038;p=2382"},"modified":"2026-05-04T09:22:43","modified_gmt":"2026-05-04T09:22:43","slug":"german-gold-fuel-system-cleaner-300-ml","status":"publish","type":"product","link":"https:\/\/arggroup.az\/en\/product\/german-gold-fuel-system-cleaner-300-ml\/","title":{"rendered":"German Gold Fuel System Cleaner 300 ML"},"content":{"rendered":"<p>Fuel System Cleaner b\u00fct\u00fcn benzin m\u00fch\u0259rrikl\u0259ri \u00fc\u00e7\u00fcn y\u00fcks\u0259k performansl\u0131 qatq\u0131d\u0131r. Yanacaqla t\u0259masda olan b\u00fct\u00fcn komponentl\u0259ri t\u0259mizl\u0259yir v\u0259 qoruyur. Texniki c\u0259h\u0259td\u0259n t\u0259hl\u00fck\u0259siz v\u0259 q\u0259na\u0259tli i\u015fl\u0259m\u0259ni t\u0259min edir.<\/p>","protected":false},"excerpt":{"rendered":"<p>&#8230;<\/p>","protected":false},"featured_media":2383,"template":"","meta":[],"etheme_brands":[{"term_id":34,"name":"German gold","slug":"german-gold","term_group":0,"term_taxonomy_id":34,"taxonomy":"brand","description":"","parent":0,"count":3,"filter":"raw"}],"product_brand":[],"product_cat":[49],"product_tag":[],"class_list":{"0":"post-2382","1":"product","2":"type-product","3":"status-publish","4":"has-post-thumbnail","6":"brand-german-gold","7":"product_cat-qatqi","9":"first","10":"instock","11":"shipping-taxable","12":"product-type-simple"},"_links":{"self":[{"href":"https:\/\/arggroup.az\/en\/wp-json\/wp\/v2\/product\/2382","targetHints":{"allow":["GET"]}}],"collection":[{"href":"https:\/\/arggroup.az\/en\/wp-json\/wp\/v2\/product"}],"about":[{"href":"https:\/\/arggroup.az\/en\/wp-json\/wp\/v2\/types\/product"}],"version-history":[{"count":1,"href":"https:\/\/arggroup.az\/en\/wp-json\/wp\/v2\/product\/2382\/revisions"}],"predecessor-version":[{"id":2384,"href":"https:\/\/arggroup.az\/en\/wp-json\/wp\/v2\/product\/2382\/revisions\/2384"}],"wp:featuredmedia":[{"embeddable":true,"href":"https:\/\/arggroup.az\/en\/wp-json\/wp\/v2\/media\/2383"}],"wp:attachment":[{"href":"https:\/\/arggroup.az\/en\/wp-json\/wp\/v2\/media?parent=2382"}],"wp:term":[{"taxonomy":"brand","embeddable":true,"href":"https:\/\/arggroup.az\/en\/wp-json\/wp\/v2\/etheme_brands?post=2382"},{"taxonomy":"product_brand","embeddable":true,"href":"https:\/\/arggroup.az\/en\/wp-json\/wp\/v2\/product_brand?post=2382"},{"taxonomy":"product_cat","embeddable":true,"href":"https:\/\/arggroup.az\/en\/wp-json\/wp\/v2\/product_cat?post=2382"},{"taxonomy":"product_tag","embeddable":true,"href":"https:\/\/arggroup.az\/en\/wp-json\/wp\/v2\/product_tag?post=2382"}],"curies":[{"name":"wp","href":"https:\/\/api.w.org\/{rel}","templated":true}]}}