{"id":2389,"date":"2026-05-04T09:26:36","date_gmt":"2026-05-04T09:26:36","guid":{"rendered":"https:\/\/arggroup.az\/?post_type=product&#038;p=2389"},"modified":"2026-05-04T09:26:36","modified_gmt":"2026-05-04T09:26:36","slug":"nsl-bluepower-10-litr","status":"publish","type":"product","link":"https:\/\/arggroup.az\/en\/product\/nsl-bluepower-10-litr\/","title":{"rendered":"NSL BLUEPOWER, 10 Litr"},"content":{"rendered":"<p>BLUEPOWER dizel m\u00fch\u0259rrikl\u0259r \u00fc\u00e7\u00fcn, x\u00fcsusil\u0259 SCR sistemi il\u0259 t\u0259chiz olunmu\u015f avtomobill\u0259r \u00fc\u00e7\u00fcn haz\u0131rlanm\u0131\u015f y\u00fcks\u0259k d\u0259r\u0259c\u0259d\u0259 t\u0259miz m\u0259hluldur. Bu m\u0259hsul AdBlue (AdBlue) v\u0259 ya qatq\u0131 kimi istifad\u0259 edil\u0259 bil\u0259r. Z\u0259r\u0259rli NOx emissiyalar\u0131n\u0131 azaltmaq v\u0259 Euro 5 v\u0259 Euro 6 emissiya standartlar\u0131na cavab verm\u0259k \u00fc\u00e7\u00fcn i\u015fl\u0259nmi\u015f qazlara vurulur.<\/p>\n<p>Kimy\u0259vi t\u0259rkibi:<\/p>\n<p>BLUEPOWER demineraliz\u0259 olunmu\u015f suda h\u0259ll edilmi\u015f karbamid (urea) m\u0259hluludur. ISO standartlar\u0131na uy\u011fun istehsal olunur ki, bu da onun y\u00fcks\u0259k keyfiyy\u0259tini t\u0259min edir. T\u0259rkibind\u0259 t\u0259xmin\u0259n 32,5% karbamid var v\u0259 AUS 32 ((NH\u2082)\u2082CO) kimi d\u0259 tan\u0131n\u0131r.<\/p>\n<p>Nec\u0259 i\u015fl\u0259yir?<\/p>\n<p>BLUEPOWER SCR i\u015fl\u0259nmi\u015f qaz sistemind\u0259 kimy\u0259vi reaksiya vasit\u0259sil\u0259 z\u0259r\u0259rli emissiyalar\u0131 azald\u0131r. Bu reaksiya dizel m\u00fch\u0259rrikinin katalizatorunda i\u015fl\u0259nmi\u015f qazlara BLUEPOWER vurulduqda ba\u015f verir. T\u0259mizl\u0259nm\u0259mi\u015f qazlarda \u0259sas hava \u00e7irkl\u0259ndiricil\u0259rind\u0259n biri olan azot oksidl\u0259ri (NOx) m\u00f6vcuddur. BLUEPOWER m\u0259hz bu z\u0259r\u0259rli madd\u0259l\u0259rin emissiyas\u0131n\u0131 azaltmaq \u00fc\u00e7\u00fcn istifad\u0259 olunur.<\/p>","protected":false},"excerpt":{"rendered":"<p>&#8230;<\/p>","protected":false},"featured_media":2390,"template":"","meta":[],"etheme_brands":[{"term_id":39,"name":"North Sea","slug":"north-sea","term_group":0,"term_taxonomy_id":39,"taxonomy":"brand","description":"","parent":0,"count":2,"filter":"raw"}],"product_brand":[],"product_cat":[51],"product_tag":[],"class_list":{"0":"post-2389","1":"product","2":"type-product","3":"status-publish","4":"has-post-thumbnail","6":"brand-north-sea","7":"product_cat-ad-blue","9":"first","10":"instock","11":"shipping-taxable","12":"product-type-simple"},"_links":{"self":[{"href":"https:\/\/arggroup.az\/en\/wp-json\/wp\/v2\/product\/2389","targetHints":{"allow":["GET"]}}],"collection":[{"href":"https:\/\/arggroup.az\/en\/wp-json\/wp\/v2\/product"}],"about":[{"href":"https:\/\/arggroup.az\/en\/wp-json\/wp\/v2\/types\/product"}],"version-history":[{"count":1,"href":"https:\/\/arggroup.az\/en\/wp-json\/wp\/v2\/product\/2389\/revisions"}],"predecessor-version":[{"id":2391,"href":"https:\/\/arggroup.az\/en\/wp-json\/wp\/v2\/product\/2389\/revisions\/2391"}],"wp:featuredmedia":[{"embeddable":true,"href":"https:\/\/arggroup.az\/en\/wp-json\/wp\/v2\/media\/2390"}],"wp:attachment":[{"href":"https:\/\/arggroup.az\/en\/wp-json\/wp\/v2\/media?parent=2389"}],"wp:term":[{"taxonomy":"brand","embeddable":true,"href":"https:\/\/arggroup.az\/en\/wp-json\/wp\/v2\/etheme_brands?post=2389"},{"taxonomy":"product_brand","embeddable":true,"href":"https:\/\/arggroup.az\/en\/wp-json\/wp\/v2\/product_brand?post=2389"},{"taxonomy":"product_cat","embeddable":true,"href":"https:\/\/arggroup.az\/en\/wp-json\/wp\/v2\/product_cat?post=2389"},{"taxonomy":"product_tag","embeddable":true,"href":"https:\/\/arggroup.az\/en\/wp-json\/wp\/v2\/product_tag?post=2389"}],"curies":[{"name":"wp","href":"https:\/\/api.w.org\/{rel}","templated":true}]}}