{"id":54,"date":"2022-02-06T09:58:41","date_gmt":"2022-02-06T09:58:41","guid":{"rendered":"https:\/\/xstore.8theme.com\/elementor\/demos\/minimal-electronics\/?page_id=54"},"modified":"2026-05-04T16:16:28","modified_gmt":"2026-05-04T16:16:28","slug":"contact-us","status":"publish","type":"page","link":"https:\/\/arggroup.az\/ru\/contact-us\/","title":{"rendered":"\u041a\u043e\u043d\u0442\u0430\u043a\u0442\u044b"},"content":{"rendered":"\t\t<div data-elementor-type=\"wp-page\" data-elementor-id=\"54\" class=\"elementor elementor-54\" data-elementor-post-type=\"page\">\n\t\t\t\t\t\t<section class=\"elementor-section elementor-top-section elementor-element elementor-element-289c744 elementor-section-boxed elementor-section-height-default elementor-section-height-default\" data-id=\"289c744\" data-element_type=\"section\" data-e-type=\"section\">\n\t\t\t\t\t\t<div class=\"elementor-container elementor-column-gap-no\">\n\t\t\t\t\t<div class=\"elementor-column elementor-col-100 elementor-top-column elementor-element elementor-element-6bc9823\" data-id=\"6bc9823\" data-element_type=\"column\" data-e-type=\"column\">\n\t\t\t<div class=\"elementor-widget-wrap elementor-element-populated\">\n\t\t\t\t\t\t<div class=\"elementor-element elementor-element-35460ee elementor-widget elementor-widget-heading\" data-id=\"35460ee\" data-element_type=\"widget\" data-e-type=\"widget\" data-widget_type=\"heading.default\">\n\t\t\t\t\t<h2 class=\"elementor-heading-title elementor-size-default\">\u018flaq\u0259<\/h2>\t\t\t\t<\/div>\n\t\t\t\t\t<\/div>\n\t\t<\/div>\n\t\t\t\t\t<\/div>\n\t\t<\/section>\n\t\t\t\t<section class=\"elementor-section elementor-top-section elementor-element elementor-element-a7466c1 elementor-section-content-middle elementor-section-boxed elementor-section-height-default elementor-section-height-default\" data-id=\"a7466c1\" data-element_type=\"section\" data-e-type=\"section\">\n\t\t\t\t\t\t<div class=\"elementor-container elementor-column-gap-no\">\n\t\t\t\t\t<div class=\"elementor-column elementor-col-33 elementor-top-column elementor-element elementor-element-72f59609\" data-id=\"72f59609\" data-element_type=\"column\" data-e-type=\"column\">\n\t\t\t<div class=\"elementor-widget-wrap elementor-element-populated\">\n\t\t\t\t\t\t<div class=\"elementor-element elementor-element-5b05f1fe elementor-align-center elementor-widget elementor-widget-etheme_icon_box\" data-id=\"5b05f1fe\" data-element_type=\"widget\" data-e-type=\"widget\" data-settings=\"{&quot;icon_type&quot;:&quot;image&quot;}\" data-widget_type=\"etheme_icon_box.default\">\n\t\t\t\t<div class=\"elementor-widget-container\">\n\t\t\t\t\t\t\t\t<div class=\"etheme-icon-box etheme-icon-box-icon-position-top\">\n        \n                            \n                <div class=\"etheme-icon-box-icon etheme-icon-box-icon-type-image\">\n        \n                <img decoding=\"async\" src=\"https:\/\/arggroup.az\/wp-content\/uploads\/elementor\/thumbs\/Icon01-rne2spaan542tot5fpz2rbrqdrxw113705pfbdtfc0.png\" title=\"Icon01\" alt=\"Icon01\" loading=\"lazy\" \/>        \n                <\/div>\n            \n                <div class=\"etheme-icon-box-content\">\n\t\t\n                                        \n                    \t\t\n                                            <p class=\"etheme-icon-box-description\">\n                            Az\u0259rbaycan, Bak\u0131 \u015f\u0259h\u0259ri, Bak\u0131xanov, B\u0259\u015fir B\u00fcnyadov k\u00fc\u00e7. 3K                        <\/p>\n                    \n                            <a href=\"tel:0906\" class=\"elementor-button-link elementor-button\" role=\"button\">\n                \n                    \n                <span class=\"button-text\">*0906<\/span>\n                \n                    \n            <\/a>\n                    \n                <\/div>\n\t\t\t<\/div>\n\t\t\t\t\t\t<\/div>\n\t\t\t\t<\/div>\n\t\t\t\t\t<\/div>\n\t\t<\/div>\n\t\t\t\t<div class=\"elementor-column elementor-col-33 elementor-top-column elementor-element elementor-element-45b27b75\" data-id=\"45b27b75\" data-element_type=\"column\" data-e-type=\"column\">\n\t\t\t<div class=\"elementor-widget-wrap elementor-element-populated\">\n\t\t\t\t\t\t<div class=\"elementor-element elementor-element-dc40ec elementor-align-center elementor-widget elementor-widget-etheme_icon_box\" data-id=\"dc40ec\" data-element_type=\"widget\" data-e-type=\"widget\" data-settings=\"{&quot;icon_type&quot;:&quot;image&quot;}\" data-widget_type=\"etheme_icon_box.default\">\n\t\t\t\t<div class=\"elementor-widget-container\">\n\t\t\t\t\t\t\t\t<div class=\"etheme-icon-box etheme-icon-box-icon-position-top\">\n        \n                            \n                <div class=\"etheme-icon-box-icon etheme-icon-box-icon-type-image\">\n        \n                <img decoding=\"async\" src=\"https:\/\/arggroup.az\/wp-content\/uploads\/elementor\/thumbs\/Icon02-rne2spaarizmawi5hx3ju2060m8p2cgcq3z4rlagb4.png\" title=\"Icon02\" alt=\"Icon02\" loading=\"lazy\" \/>        \n                <\/div>\n            \n                <div class=\"etheme-icon-box-content\">\n\t\t\n                                        \n                    \t\t\n                                            <p class=\"etheme-icon-box-description\">\n                            info@arggroup.az                        <\/p>\n                    \n                            <a href=\"mailto:info@arggroup.az\" class=\"elementor-button-link elementor-button\" role=\"button\">\n                \n                    \n                <span class=\"button-text\">info@arggroup.az<\/span>\n                \n                    \n            <\/a>\n                    \n                <\/div>\n\t\t\t<\/div>\n\t\t\t\t\t\t<\/div>\n\t\t\t\t<\/div>\n\t\t\t\t\t<\/div>\n\t\t<\/div>\n\t\t\t\t<div class=\"elementor-column elementor-col-33 elementor-top-column elementor-element elementor-element-1343b102\" data-id=\"1343b102\" data-element_type=\"column\" data-e-type=\"column\">\n\t\t\t<div class=\"elementor-widget-wrap elementor-element-populated\">\n\t\t\t\t\t\t<div class=\"elementor-element elementor-element-17ad708f elementor-align-center elementor-widget elementor-widget-etheme_icon_box\" data-id=\"17ad708f\" data-element_type=\"widget\" data-e-type=\"widget\" data-settings=\"{&quot;icon_type&quot;:&quot;image&quot;}\" data-widget_type=\"etheme_icon_box.default\">\n\t\t\t\t<div class=\"elementor-widget-container\">\n\t\t\t\t\t\t\t\t<div class=\"etheme-icon-box etheme-icon-box-icon-position-top\">\n        \n                            \n                <div class=\"etheme-icon-box-icon etheme-icon-box-icon-type-image\">\n        \n                <img decoding=\"async\" src=\"https:\/\/arggroup.az\/wp-content\/uploads\/elementor\/thumbs\/Icon03-rne2spaarizmawi5hx3ju2060m8p2cgcq3z4rlagb4.png\" title=\"Icon03\" alt=\"Icon03\" loading=\"lazy\" \/>        \n                <\/div>\n            \n                <div class=\"etheme-icon-box-content\">\n\t\t\n                                        \n                    \t\t\n                                            <p class=\"etheme-icon-box-description\">\n                            Bazar ert\u0259si - C\u00fcm\u0259, 9:00-dan 18:00-a                        <\/p>\n                    \n                            <a href=\"fax:+994%2010%20321%2099%2099\" class=\"elementor-button-link elementor-button\" role=\"button\">\n                \n                    \n                <span class=\"button-text\">Whatsapp: +994 10 321 99 99<\/span>\n                \n                    \n            <\/a>\n                    \n                <\/div>\n\t\t\t<\/div>\n\t\t\t\t\t\t<\/div>\n\t\t\t\t<\/div>\n\t\t\t\t\t<\/div>\n\t\t<\/div>\n\t\t\t\t\t<\/div>\n\t\t<\/section>\n\t\t\t\t<section class=\"elementor-section elementor-top-section elementor-element elementor-element-1bfb259 elementor-section-boxed elementor-section-height-default elementor-section-height-default\" data-id=\"1bfb259\" data-element_type=\"section\" data-e-type=\"section\">\n\t\t\t\t\t\t<div class=\"elementor-container elementor-column-gap-no\">\n\t\t\t\t\t<div class=\"elementor-column elementor-col-100 elementor-top-column elementor-element elementor-element-7411edd\" data-id=\"7411edd\" data-element_type=\"column\" data-e-type=\"column\">\n\t\t\t<div class=\"elementor-widget-wrap elementor-element-populated\">\n\t\t\t\t\t\t<div class=\"elementor-element elementor-element-e4b1a87 elementor-widget elementor-widget-etheme-google-map\" data-id=\"e4b1a87\" data-element_type=\"widget\" data-e-type=\"widget\" data-widget_type=\"etheme-google-map.default\">\n\t\t\t\t<div class=\"elementor-widget-container\">\n\t\t\t\t\t\t\t<div id=\"etheme-map-e4b1a87\" class=\"etheme-map\" data-etheme-gesture=\"auto\"  data-etheme-map-zoom-control=\"true\" data-etheme-map-zoom-control-position=\"RIGHT_BOTTOM\"  data-etheme-defaultui=\"false\" data-etheme-map-style=\"\" data-etheme-map-type=\"roadmap\"  data-etheme-map-type-control=\"true\" data-etheme-map-type-control-style=\"DEFAULT\" data-etheme-map-type-control-position=\"TOP_LEFT\"  data-etheme-map-streetview-control=\"false\" data-etheme-map-lat=\"40.425787\" data-etheme-map-lng=\"49.92649900000001\" data-etheme-map-zoom=\"15\" data-etheme-map-infowindow-width=\"250\" data-etheme-locations='[{\"lat\":\"40.425787\",\"lng\":\"49.92649900000001\",\"title\":\"\\u041f\\u0438\\u043d #1\",\"content\":\"\",\"pin_icon\":\"\"}]'><\/div>\n\n\t\t\t\t\t<\/div>\n\t\t\t\t<\/div>\n\t\t\t\t\t<\/div>\n\t\t<\/div>\n\t\t\t\t\t<\/div>\n\t\t<\/section>\n\t\t\t\t<section class=\"elementor-section elementor-top-section elementor-element elementor-element-4a2ff772 elementor-section-boxed elementor-section-height-default elementor-section-height-default\" data-id=\"4a2ff772\" data-element_type=\"section\" data-e-type=\"section\">\n\t\t\t\t\t\t<div class=\"elementor-container elementor-column-gap-no\">\n\t\t\t\t\t<div class=\"elementor-column elementor-col-100 elementor-top-column elementor-element elementor-element-79ac4825\" data-id=\"79ac4825\" data-element_type=\"column\" data-e-type=\"column\">\n\t\t\t<div class=\"elementor-widget-wrap\">\n\t\t\t\t\t\t\t<\/div>\n\t\t<\/div>\n\t\t\t\t\t<\/div>\n\t\t<\/section>\n\t\t\t\t<\/div>\n\t\t","protected":false},"excerpt":{"rendered":"<p>&#8230;<\/p>","protected":false},"author":1,"featured_media":0,"parent":0,"menu_order":0,"comment_status":"closed","ping_status":"closed","template":"","meta":{"footnotes":""},"class_list":["post-54","page","type-page","status-publish","hentry"],"_links":{"self":[{"href":"https:\/\/arggroup.az\/ru\/wp-json\/wp\/v2\/pages\/54","targetHints":{"allow":["GET"]}}],"collection":[{"href":"https:\/\/arggroup.az\/ru\/wp-json\/wp\/v2\/pages"}],"about":[{"href":"https:\/\/arggroup.az\/ru\/wp-json\/wp\/v2\/types\/page"}],"author":[{"embeddable":true,"href":"https:\/\/arggroup.az\/ru\/wp-json\/wp\/v2\/users\/1"}],"replies":[{"embeddable":true,"href":"https:\/\/arggroup.az\/ru\/wp-json\/wp\/v2\/comments?post=54"}],"version-history":[{"count":5,"href":"https:\/\/arggroup.az\/ru\/wp-json\/wp\/v2\/pages\/54\/revisions"}],"predecessor-version":[{"id":2464,"href":"https:\/\/arggroup.az\/ru\/wp-json\/wp\/v2\/pages\/54\/revisions\/2464"}],"wp:attachment":[{"href":"https:\/\/arggroup.az\/ru\/wp-json\/wp\/v2\/media?parent=54"}],"curies":[{"name":"wp","href":"https:\/\/api.w.org\/{rel}","templated":true}]}}