{"id":2376,"date":"2026-05-04T09:16:08","date_gmt":"2026-05-04T09:16:08","guid":{"rendered":"https:\/\/arggroup.az\/?post_type=product&#038;p=2376"},"modified":"2026-05-04T09:16:08","modified_gmt":"2026-05-04T09:16:08","slug":"german-gold-engine-power-5w-30-a5-5-litr","status":"publish","type":"product","link":"https:\/\/arggroup.az\/ru\/product\/german-gold-engine-power-5w-30-a5-5-litr\/","title":{"rendered":"German Gold Engine Power 5W-30 A5 5 Litr"},"content":{"rendered":"<p><b>SPES\u0130F\u0130KAS\u0130YASI:<\/b><\/p>\n<ul>\n<li aria-level=\"1\">Sintetik texnologiyal\u0131 a\u015fa\u011f\u0131 viskozitli m\u00fch\u0259rrik ya\u011f\u0131<\/li>\n<li aria-level=\"1\">Benzin v\u0259 dizel m\u00fch\u0259rrikl\u0259ri \u00fc\u00e7\u00fcn uy\u011fundur (DPF olmayan sisteml\u0259r)<\/li>\n<li aria-level=\"1\">Fuel Economy (A\u015fa\u011f\u0131 yanacaq s\u0259rfiyyat\u0131) \u00fc\u00e7\u00fcn optimalla\u015fd\u0131r\u0131lm\u0131\u015f<\/li>\n<li aria-level=\"1\">A\u015fa\u011f\u0131 viskozite say\u0259sind\u0259:\n<ul>\n<li aria-level=\"2\">M\u00fch\u0259rrikd\u0259 s\u00fcr\u0259tli ya\u011f d\u00f6vran\u0131<\/li>\n<li aria-level=\"2\">Soyuq havada rahat start<\/li>\n<li aria-level=\"2\">S\u00fcrt\u00fcnm\u0259nin azalmas\u0131 il\u0259 yanacaq q\u0259na\u0259ti<\/li>\n<\/ul>\n<\/li>\n<li aria-level=\"1\">Detergent v\u0259 dispersant \u0259lav\u0259l\u0259r say\u0259sind\u0259 y\u00fcks\u0259k m\u00fch\u0259rrik t\u0259mizliyi<\/li>\n<li aria-level=\"1\">CO\u2082 v\u0259 z\u0259r\u0259rli tullant\u0131lar\u0131n azald\u0131lmas\u0131 il\u0259 \u0259traf m\u00fchit\u0259 dost<\/li>\n<li aria-level=\"1\">\u0130ld\u0259 4 f\u0259sil \u00fc\u00e7\u00fcn uy\u011fundur<\/li>\n<\/ul>\n<p><b>STANDARTLARI:<\/b><\/p>\n<ul>\n<li aria-level=\"1\">API SL<\/li>\n<li aria-level=\"1\">ACEA A5<\/li>\n<\/ul>\n<p><b>T\u018fSD\u0130QL\u018fR\u0130:<\/b><\/p>\n<ul>\n<li aria-level=\"1\">Ford WSS-M2C913-B<\/li>\n<li aria-level=\"1\">Ford WSS-M2C913-C<\/li>\n<li aria-level=\"1\">Ford WSS-M2C913-D<\/li>\n<li aria-level=\"1\">Renault RN 0700<\/li>\n<li aria-level=\"1\">Jaguar\/Land Rover STJLR.03.5003<\/li>\n<\/ul>","protected":false},"excerpt":{"rendered":"<p>&#8230;<\/p>","protected":false},"featured_media":2377,"template":"","meta":[],"etheme_brands":[{"term_id":34,"name":"German gold","slug":"german-gold","term_group":0,"term_taxonomy_id":34,"taxonomy":"brand","description":"","parent":0,"count":3,"filter":"raw"}],"product_brand":[],"product_cat":[53,52],"product_tag":[],"class_list":{"0":"post-2376","1":"product","2":"type-product","3":"status-publish","4":"has-post-thumbnail","6":"brand-german-gold","7":"product_cat-benzin-muhrriklr-ucun","8":"product_cat-muhrrik-yagi","10":"first","11":"instock","12":"shipping-taxable","13":"product-type-simple"},"_links":{"self":[{"href":"https:\/\/arggroup.az\/ru\/wp-json\/wp\/v2\/product\/2376","targetHints":{"allow":["GET"]}}],"collection":[{"href":"https:\/\/arggroup.az\/ru\/wp-json\/wp\/v2\/product"}],"about":[{"href":"https:\/\/arggroup.az\/ru\/wp-json\/wp\/v2\/types\/product"}],"version-history":[{"count":1,"href":"https:\/\/arggroup.az\/ru\/wp-json\/wp\/v2\/product\/2376\/revisions"}],"predecessor-version":[{"id":2378,"href":"https:\/\/arggroup.az\/ru\/wp-json\/wp\/v2\/product\/2376\/revisions\/2378"}],"wp:featuredmedia":[{"embeddable":true,"href":"https:\/\/arggroup.az\/ru\/wp-json\/wp\/v2\/media\/2377"}],"wp:attachment":[{"href":"https:\/\/arggroup.az\/ru\/wp-json\/wp\/v2\/media?parent=2376"}],"wp:term":[{"taxonomy":"brand","embeddable":true,"href":"https:\/\/arggroup.az\/ru\/wp-json\/wp\/v2\/etheme_brands?post=2376"},{"taxonomy":"product_brand","embeddable":true,"href":"https:\/\/arggroup.az\/ru\/wp-json\/wp\/v2\/product_brand?post=2376"},{"taxonomy":"product_cat","embeddable":true,"href":"https:\/\/arggroup.az\/ru\/wp-json\/wp\/v2\/product_cat?post=2376"},{"taxonomy":"product_tag","embeddable":true,"href":"https:\/\/arggroup.az\/ru\/wp-json\/wp\/v2\/product_tag?post=2376"}],"curies":[{"name":"wp","href":"https:\/\/api.w.org\/{rel}","templated":true}]}}