{"id":2379,"date":"2026-05-04T09:21:22","date_gmt":"2026-05-04T09:21:22","guid":{"rendered":"https:\/\/arggroup.az\/?post_type=product&#038;p=2379"},"modified":"2026-05-04T09:21:22","modified_gmt":"2026-05-04T09:21:22","slug":"german-gold-atf-cvt-fluid-4-litr","status":"publish","type":"product","link":"https:\/\/arggroup.az\/ru\/product\/german-gold-atf-cvt-fluid-4-litr\/","title":{"rendered":"German Gold ATF CVT Fluid 4 Litr"},"content":{"rendered":"<p><b>SPES\u0130F\u0130KAS\u0130YA:<\/b><\/p>\n<p><b>N\u00f6v:<\/b> Tam sintetik CVT transmissiya ya\u011f\u0131<\/p>\n<p><b>Sprevinq:<\/b> D\u00fc\u015f\u00fck temperaturda yax\u015f\u0131 ax\u0131c\u0131l\u0131q v\u0259 metal\u2011metal s\u00fcrt\u00fcnm\u0259d\u0259 sabit davran\u0131\u015f<\/p>\n<p><b>A\u015f\u0131nma v\u0259 k\u00f6p\u00fckl\u0259nm\u0259y\u0259 qar\u015f\u0131 m\u00fchafiz\u0259:<\/b> Y\u00fcks\u0259k t\u0259zyiq alt\u0131nda bel\u0259 davaml\u0131 performans<\/p>\n<h3><b>T\u00d6VS\u0130Y\u018f OLUNAN MODELL\u018fR:<\/b><\/h3>\n<h4>\ud83d\udd39 Nissan:<\/h4>\n<ul>\n<li aria-level=\"1\">Nissan X-Trail (CVT)<\/li>\n<li aria-level=\"1\">Nissan Qashqai (CVT)<\/li>\n<li aria-level=\"1\">Nissan Altima (CVT)<\/li>\n<li aria-level=\"1\">Nissan Sentra (CVT)<\/li>\n<li aria-level=\"1\">Nissan Murano<\/li>\n<\/ul>\n<h4>\ud83d\udd39 Toyota:<\/h4>\n<ul>\n<li aria-level=\"1\">Toyota Corolla (2014 v\u0259 sonras\u0131 CVT modell\u0259ri)<\/li>\n<li aria-level=\"1\">Toyota C-HR<\/li>\n<li aria-level=\"1\">Toyota Prius (Hybrid CVT)<\/li>\n<li aria-level=\"1\">Toyota RAV4 (Hybrid v\u0259 b\u0259zi CVT modell\u0259ri)<\/li>\n<\/ul>\n<h4>\ud83d\udd39 Mitsubishi:<\/h4>\n<ul>\n<li aria-level=\"1\">Mitsubishi Outlander<\/li>\n<li aria-level=\"1\">Mitsubishi ASX<\/li>\n<li aria-level=\"1\">Mitsubishi Lancer<\/li>\n<\/ul>\n<h4>\ud83d\udd39 Honda:<\/h4>\n<ul>\n<li aria-level=\"1\">Honda Civic (2014 v\u0259 sonras\u0131 CVT)<\/li>\n<li aria-level=\"1\">Honda Accord<\/li>\n<li aria-level=\"1\">Honda CR-V<\/li>\n<\/ul>\n<h4>\ud83d\udd39 Subaru:<\/h4>\n<ul>\n<li aria-level=\"1\">Subaru Forester<\/li>\n<li aria-level=\"1\">Subaru Outback<\/li>\n<li aria-level=\"1\">Subaru XV<\/li>\n<\/ul>\n<h4>\ud83d\udd39 Lexus (Hybrid modell\u0259r):<\/h4>\n<ul>\n<li aria-level=\"1\">Lexus CT200h<\/li>\n<li aria-level=\"1\">Lexus RX450h<\/li>\n<\/ul>","protected":false},"excerpt":{"rendered":"<p>&#8230;<\/p>","protected":false},"featured_media":2380,"template":"","meta":[],"etheme_brands":[{"term_id":34,"name":"German gold","slug":"german-gold","term_group":0,"term_taxonomy_id":34,"taxonomy":"brand","description":"","parent":0,"count":3,"filter":"raw"}],"product_brand":[],"product_cat":[45],"product_tag":[],"class_list":{"0":"post-2379","1":"product","2":"type-product","3":"status-publish","4":"has-post-thumbnail","6":"brand-german-gold","7":"product_cat-transmissiya-yagi","9":"first","10":"instock","11":"shipping-taxable","12":"product-type-simple"},"_links":{"self":[{"href":"https:\/\/arggroup.az\/ru\/wp-json\/wp\/v2\/product\/2379","targetHints":{"allow":["GET"]}}],"collection":[{"href":"https:\/\/arggroup.az\/ru\/wp-json\/wp\/v2\/product"}],"about":[{"href":"https:\/\/arggroup.az\/ru\/wp-json\/wp\/v2\/types\/product"}],"version-history":[{"count":1,"href":"https:\/\/arggroup.az\/ru\/wp-json\/wp\/v2\/product\/2379\/revisions"}],"predecessor-version":[{"id":2381,"href":"https:\/\/arggroup.az\/ru\/wp-json\/wp\/v2\/product\/2379\/revisions\/2381"}],"wp:featuredmedia":[{"embeddable":true,"href":"https:\/\/arggroup.az\/ru\/wp-json\/wp\/v2\/media\/2380"}],"wp:attachment":[{"href":"https:\/\/arggroup.az\/ru\/wp-json\/wp\/v2\/media?parent=2379"}],"wp:term":[{"taxonomy":"brand","embeddable":true,"href":"https:\/\/arggroup.az\/ru\/wp-json\/wp\/v2\/etheme_brands?post=2379"},{"taxonomy":"product_brand","embeddable":true,"href":"https:\/\/arggroup.az\/ru\/wp-json\/wp\/v2\/product_brand?post=2379"},{"taxonomy":"product_cat","embeddable":true,"href":"https:\/\/arggroup.az\/ru\/wp-json\/wp\/v2\/product_cat?post=2379"},{"taxonomy":"product_tag","embeddable":true,"href":"https:\/\/arggroup.az\/ru\/wp-json\/wp\/v2\/product_tag?post=2379"}],"curies":[{"name":"wp","href":"https:\/\/api.w.org\/{rel}","templated":true}]}}