{"id":2385,"date":"2026-05-04T09:25:08","date_gmt":"2026-05-04T09:25:08","guid":{"rendered":"https:\/\/arggroup.az\/?post_type=product&#038;p=2385"},"modified":"2026-05-04T09:25:08","modified_gmt":"2026-05-04T09:25:08","slug":"north-sea-lubricants-tidal-power-10w-40-20-litr","status":"publish","type":"product","link":"https:\/\/arggroup.az\/ru\/product\/north-sea-lubricants-tidal-power-10w-40-20-litr\/","title":{"rendered":"North Sea Lubricants TIDAL POWER 10W-40 20 Litr"},"content":{"rendered":"<p><b>PES\u0130F\u0130KAS\u0130YA:<\/b><\/p>\n<p>&nbsp;<\/p>\n<ul>\n<li aria-level=\"1\">\u018fla istilik v\u0259 oksidl\u0259\u015fm\u0259 sabitliyi.<\/li>\n<li aria-level=\"1\">\u00c7ox yax\u015f\u0131 dispersiya v\u0259 t\u0259mizl\u0259m\u0259 x\u00fcsusiyy\u0259tl\u0259ri.<\/li>\n<li aria-level=\"1\">Y\u00fcks\u0259k k\u00f6p\u00fckl\u0259nm\u0259y\u0259 qar\u015f\u0131, a\u015f\u0131nmaya qar\u015f\u0131 v\u0259 korroziyaya qar\u015f\u0131 x\u00fcsusiyy\u0259tl\u0259r.<\/li>\n<li aria-level=\"1\">\u201cBore Polishing\u201d\u0259 (silindr s\u0259thinin cilalanmas\u0131na) qar\u015f\u0131 \u0259la qoruma.<\/li>\n<li aria-level=\"1\">Y\u00fcks\u0259k ya\u011f d\u0259yi\u015fm\u0259 interval\u0131.<\/li>\n<li aria-level=\"1\">Dizel hiss\u0259cik filtri (DPF) il\u0259 t\u0259chiz olunmu\u015f m\u00fch\u0259rrikl\u0259r \u00fc\u00e7\u00fcn uy\u011fundur.<\/li>\n<\/ul>\n<p><b>STANDARTLARI:<\/b><\/p>\n<ul>\n<li aria-level=\"1\">ACEA E4\/E6\/E7\/E9<\/li>\n<li aria-level=\"1\">API CK-4<\/li>\n<li aria-level=\"1\">MB 228.52<\/li>\n<li aria-level=\"1\">MB 228.31<\/li>\n<li aria-level=\"1\">Renault VI RLD-4<\/li>\n<li aria-level=\"1\">MTU Type 2.1<\/li>\n<li aria-level=\"1\">MAN M3775 \/ M3477 \/ M3271-1<\/li>\n<li aria-level=\"1\">Cummins CES 20086<\/li>\n<li aria-level=\"1\">Cummins CES 20081<\/li>\n<li aria-level=\"1\">CAT ECF-3<\/li>\n<li aria-level=\"1\">JASO DH-2-17<\/li>\n<li aria-level=\"1\">Detroit 93K2222<\/li>\n<li aria-level=\"1\">Scania Low-Ash<\/li>\n<\/ul>\n<p><b>T\u018fSD\u0130QL\u018fR\u0130:<\/b><\/p>\n<ul>\n<li aria-level=\"1\">Volvo VDS-4.5<\/li>\n<li aria-level=\"1\">Mack EOS-4.5<\/li>\n<li aria-level=\"1\">Renault VI RLD-3<\/li>\n<li aria-level=\"1\">Deutz DQC IV-18 LA<\/li>\n<li aria-level=\"1\">MB-Approval 228.51<\/li>\n<li aria-level=\"1\">MTU Type 3.1<\/li>\n<\/ul>","protected":false},"excerpt":{"rendered":"<p>&#8230;<\/p>","protected":false},"featured_media":2386,"template":"","meta":[],"etheme_brands":[{"term_id":39,"name":"North Sea","slug":"north-sea","term_group":0,"term_taxonomy_id":39,"taxonomy":"brand","description":"","parent":0,"count":2,"filter":"raw"}],"product_brand":[],"product_cat":[52,56],"product_tag":[],"class_list":{"0":"post-2385","1":"product","2":"type-product","3":"status-publish","4":"has-post-thumbnail","6":"brand-north-sea","7":"product_cat-muhrrik-yagi","8":"product_cat-yuk-avtomobillri","10":"first","11":"instock","12":"shipping-taxable","13":"product-type-simple"},"_links":{"self":[{"href":"https:\/\/arggroup.az\/ru\/wp-json\/wp\/v2\/product\/2385","targetHints":{"allow":["GET"]}}],"collection":[{"href":"https:\/\/arggroup.az\/ru\/wp-json\/wp\/v2\/product"}],"about":[{"href":"https:\/\/arggroup.az\/ru\/wp-json\/wp\/v2\/types\/product"}],"version-history":[{"count":2,"href":"https:\/\/arggroup.az\/ru\/wp-json\/wp\/v2\/product\/2385\/revisions"}],"predecessor-version":[{"id":2388,"href":"https:\/\/arggroup.az\/ru\/wp-json\/wp\/v2\/product\/2385\/revisions\/2388"}],"wp:featuredmedia":[{"embeddable":true,"href":"https:\/\/arggroup.az\/ru\/wp-json\/wp\/v2\/media\/2386"}],"wp:attachment":[{"href":"https:\/\/arggroup.az\/ru\/wp-json\/wp\/v2\/media?parent=2385"}],"wp:term":[{"taxonomy":"brand","embeddable":true,"href":"https:\/\/arggroup.az\/ru\/wp-json\/wp\/v2\/etheme_brands?post=2385"},{"taxonomy":"product_brand","embeddable":true,"href":"https:\/\/arggroup.az\/ru\/wp-json\/wp\/v2\/product_brand?post=2385"},{"taxonomy":"product_cat","embeddable":true,"href":"https:\/\/arggroup.az\/ru\/wp-json\/wp\/v2\/product_cat?post=2385"},{"taxonomy":"product_tag","embeddable":true,"href":"https:\/\/arggroup.az\/ru\/wp-json\/wp\/v2\/product_tag?post=2385"}],"curies":[{"name":"wp","href":"https:\/\/api.w.org\/{rel}","templated":true}]}}