{"id":2396,"date":"2026-05-04T09:31:53","date_gmt":"2026-05-04T09:31:53","guid":{"rendered":"https:\/\/arggroup.az\/?post_type=product&#038;p=2396"},"modified":"2026-05-04T09:31:54","modified_gmt":"2026-05-04T09:31:54","slug":"myson-lube-saturn-5w-30-sn-cf-c3-1-litr","status":"publish","type":"product","link":"https:\/\/arggroup.az\/ru\/product\/myson-lube-saturn-5w-30-sn-cf-c3-1-litr\/","title":{"rendered":"Myson Lube Saturn 5W-30 SN\/CF C3, 1 Litr"},"content":{"rendered":"<p><b>Spesifikasiya:<\/b><b><br \/>\n<\/b>Full sintetik m\u00fch\u0259rrik ya\u011f\u0131<br \/>\nACEA C3 t\u0259snifat\u0131na uy\u011fun<br \/>\nAPI SN\/CF performans s\u0259viyy\u0259si<br \/>\nA\u015fa\u011f\u0131 k\u00fcl t\u0259rkibli (Low SAPS) formul \u2013 DPF v\u0259 katalizator \u00fc\u00e7\u00fcn t\u0259hl\u00fck\u0259siz<br \/>\nM\u00fck\u0259mm\u0259l s\u00fcrt\u00fcnm\u0259 qorumas\u0131 v\u0259 y\u00fcks\u0259k temperatur dayan\u0131ql\u0131\u011f\u0131<br \/>\nSoyuq havada asan i\u015f\u0259 salma imkan\u0131<br \/>\nM\u00fch\u0259rriki t\u0259miz saxlayaraq uzun\u00f6m\u00fcrl\u00fcl\u00fcy\u00fcn\u00fc art\u0131r\u0131r<br \/>\nUzunm\u00fcdd\u0259tli d\u0259yi\u015fm\u0259 intervallar\u0131 \u00fc\u00e7\u00fcn uy\u011fundur<\/p>\n<p><b>T\u0259yinat\u0131:<\/b><b><br \/>\n<\/b>Benzin m\u00fch\u0259rrikli avtomobill\u0259r<br \/>\nDizel m\u00fch\u0259rrikli avtomobill\u0259r (DPF v\u0259 katalizatorla)<br \/>\nTurbo v\u0259 \u00e7oxklapanl\u0131 m\u00fch\u0259rrikl\u0259r<br \/>\nStart-stop sistemli avtomobill\u0259r<\/p>\n<p><b>T\u00f6vsiy\u0259 olunan modell\u0259r:<\/b><\/p>\n<p><b>BMW:<\/b><b><br \/>\n<\/b>BMW 3 Series (E90, F30 \u2013 BMW Longlife-04 uy\u011fundur)<br \/>\nBMW 5 Series (E60, F10 \u2013 DPF il\u0259 dizel modell\u0259r)<\/p>\n<p><b>Mercedes-Benz:<\/b><b><br \/>\n<\/b>Mercedes C-Class W204\/W205 (MB 229.51 t\u0259l\u0259bl\u0259rin\u0259 uy\u011fun)<br \/>\nMercedes E-Class W212 (DPF il\u0259)<\/p>\n<p><b>VW \/ Audi \/ Skoda \/ Seat:<\/b><b><br \/>\n<\/b>VW Passat B7\/B8 (VW 504.00\/507.00 uy\u011fundur)<br \/>\nAudi A4 B8 (DPF il\u0259 dizel m\u00fch\u0259rrikl\u0259r)<br \/>\n\u0160koda Superb II \/ III<br \/>\nSeat Leon II \/ III<\/p>\n<p><b>Opel \/ GM:<\/b><b><br \/>\n<\/b>Opel Insignia (dizel m\u00fch\u0259rrikl\u0259r, DPF il\u0259)<br \/>\nOpel Astra J (benz v\u0259 dizel)<\/p>\n<p><b>Hyundai \/ Kia:<\/b><b><br \/>\n<\/b>Hyundai Tucson (CRDi m\u00fch\u0259rrikl\u0259r, DPF il\u0259)<br \/>\nKia Sportage (Euro 5 v\u0259 Euro 6 m\u00fch\u0259rrikl\u0259r)<\/p>\n<p><b>Toyota:<\/b><b><br \/>\n<\/b>Toyota Avensis (2.2 D-CAT m\u00fch\u0259rrikl\u0259)<br \/>\nToyota RAV4 (DPF il\u0259 dizel modell\u0259r)<\/p>","protected":false},"excerpt":{"rendered":"<p>&#8230;<\/p>","protected":false},"featured_media":2393,"template":"","meta":[],"etheme_brands":[{"term_id":36,"name":"Myson Lube","slug":"myson-lube","term_group":0,"term_taxonomy_id":36,"taxonomy":"brand","description":"","parent":0,"count":1,"filter":"raw"}],"product_brand":[],"product_cat":[54,52],"product_tag":[],"class_list":{"0":"post-2396","1":"product","2":"type-product","3":"status-publish","4":"has-post-thumbnail","6":"brand-myson-lube","7":"product_cat-dizel-muhrriklr-ucun","8":"product_cat-muhrrik-yagi","10":"first","11":"instock","12":"shipping-taxable","13":"product-type-simple"},"_links":{"self":[{"href":"https:\/\/arggroup.az\/ru\/wp-json\/wp\/v2\/product\/2396","targetHints":{"allow":["GET"]}}],"collection":[{"href":"https:\/\/arggroup.az\/ru\/wp-json\/wp\/v2\/product"}],"about":[{"href":"https:\/\/arggroup.az\/ru\/wp-json\/wp\/v2\/types\/product"}],"version-history":[{"count":1,"href":"https:\/\/arggroup.az\/ru\/wp-json\/wp\/v2\/product\/2396\/revisions"}],"predecessor-version":[{"id":2397,"href":"https:\/\/arggroup.az\/ru\/wp-json\/wp\/v2\/product\/2396\/revisions\/2397"}],"wp:featuredmedia":[{"embeddable":true,"href":"https:\/\/arggroup.az\/ru\/wp-json\/wp\/v2\/media\/2393"}],"wp:attachment":[{"href":"https:\/\/arggroup.az\/ru\/wp-json\/wp\/v2\/media?parent=2396"}],"wp:term":[{"taxonomy":"brand","embeddable":true,"href":"https:\/\/arggroup.az\/ru\/wp-json\/wp\/v2\/etheme_brands?post=2396"},{"taxonomy":"product_brand","embeddable":true,"href":"https:\/\/arggroup.az\/ru\/wp-json\/wp\/v2\/product_brand?post=2396"},{"taxonomy":"product_cat","embeddable":true,"href":"https:\/\/arggroup.az\/ru\/wp-json\/wp\/v2\/product_cat?post=2396"},{"taxonomy":"product_tag","embeddable":true,"href":"https:\/\/arggroup.az\/ru\/wp-json\/wp\/v2\/product_tag?post=2396"}],"curies":[{"name":"wp","href":"https:\/\/api.w.org\/{rel}","templated":true}]}}