{"id":2398,"date":"2026-05-04T09:34:44","date_gmt":"2026-05-04T09:34:44","guid":{"rendered":"https:\/\/arggroup.az\/?post_type=product&#038;p=2398"},"modified":"2026-05-04T09:34:45","modified_gmt":"2026-05-04T09:34:45","slug":"kapsen-165-70r14-h202","status":"publish","type":"product","link":"https:\/\/arggroup.az\/ru\/product\/kapsen-165-70r14-h202\/","title":{"rendered":"Kapsen 165\/70R14 H202"},"content":{"rendered":"<p><b>En:<\/b> 175<br \/>\n<b>H\u00fcnd\u00fcrl\u00fck:<\/b> 70<br \/>\n<b>Diametr<\/b>: 13<br \/>\n<b>S\u00fcr\u0259t indeksi:<\/b> T (max 190 km\/s)<br \/>\n<b>Y\u00fck indeksi:<\/b> 82<\/p>\n<p><b>Avtomobil n\u00f6v\u00fc:<\/b> Minik<br \/>\n<b>M\u00f6vs\u00fcm<\/b>: B\u00fct\u00fcn f\u0259sill\u0259r<\/p>","protected":false},"excerpt":{"rendered":"<p>&#8230;<\/p>","protected":false},"featured_media":2399,"template":"","meta":[],"etheme_brands":[{"term_id":62,"name":"Kapsen","slug":"kapsen","term_group":0,"term_taxonomy_id":62,"taxonomy":"brand","description":"","parent":0,"count":1,"filter":"raw"}],"product_brand":[],"product_cat":[46],"product_tag":[],"class_list":{"0":"post-2398","1":"product","2":"type-product","3":"status-publish","4":"has-post-thumbnail","6":"brand-kapsen","7":"product_cat-tkr-sin","9":"first","10":"instock","11":"shipping-taxable","12":"product-type-simple"},"_links":{"self":[{"href":"https:\/\/arggroup.az\/ru\/wp-json\/wp\/v2\/product\/2398","targetHints":{"allow":["GET"]}}],"collection":[{"href":"https:\/\/arggroup.az\/ru\/wp-json\/wp\/v2\/product"}],"about":[{"href":"https:\/\/arggroup.az\/ru\/wp-json\/wp\/v2\/types\/product"}],"version-history":[{"count":1,"href":"https:\/\/arggroup.az\/ru\/wp-json\/wp\/v2\/product\/2398\/revisions"}],"predecessor-version":[{"id":2400,"href":"https:\/\/arggroup.az\/ru\/wp-json\/wp\/v2\/product\/2398\/revisions\/2400"}],"wp:featuredmedia":[{"embeddable":true,"href":"https:\/\/arggroup.az\/ru\/wp-json\/wp\/v2\/media\/2399"}],"wp:attachment":[{"href":"https:\/\/arggroup.az\/ru\/wp-json\/wp\/v2\/media?parent=2398"}],"wp:term":[{"taxonomy":"brand","embeddable":true,"href":"https:\/\/arggroup.az\/ru\/wp-json\/wp\/v2\/etheme_brands?post=2398"},{"taxonomy":"product_brand","embeddable":true,"href":"https:\/\/arggroup.az\/ru\/wp-json\/wp\/v2\/product_brand?post=2398"},{"taxonomy":"product_cat","embeddable":true,"href":"https:\/\/arggroup.az\/ru\/wp-json\/wp\/v2\/product_cat?post=2398"},{"taxonomy":"product_tag","embeddable":true,"href":"https:\/\/arggroup.az\/ru\/wp-json\/wp\/v2\/product_tag?post=2398"}],"curies":[{"name":"wp","href":"https:\/\/api.w.org\/{rel}","templated":true}]}}